{"id":264,"date":"2021-08-09T20:38:01","date_gmt":"2021-08-09T18:38:01","guid":{"rendered":"https:\/\/www.skody-nabytok.sk\/_new\/?page_id=264"},"modified":"2021-08-17T13:29:50","modified_gmt":"2021-08-17T11:29:50","slug":"kontakt","status":"publish","type":"page","link":"https:\/\/www.skody-nabytok.sk\/index.php\/kontakt\/","title":{"rendered":"Kontakt"},"content":{"rendered":"<h1>Konzult\u00e1cia<\/h1>\n<div>\n<p>+421 905 181 383<\/p>\n<p>skodysro@gmail.com<\/p>\n<p>Alebo n\u00e1m nap\u00ed\u0161te do \u201e\u010detu\u201c<\/p>\n<\/div>\n<p><!--more--><br \/>\n<!-- {\"type\":\"layout\",\"children\":[{\"type\":\"section\",\"props\":{\"style\":\"primary\",\"width\":\"default\",\"vertical_align\":\"middle\",\"title_position\":\"top-left\",\"title_rotation\":\"left\",\"title_breakpoint\":\"xl\",\"image_position\":\"center-center\",\"preserve_color\":true},\"children\":[{\"type\":\"row\",\"children\":[{\"type\":\"column\",\"props\":{\"image_position\":\"center-center\",\"media_overlay_gradient\":\"\"},\"children\":[{\"type\":\"headline\",\"props\":{\"title_element\":\"h1\",\"content\":\"Konzult\\u00e1cia\",\"title_style\":\"h1\",\"text_align\":\"center\"}},{\"type\":\"text\",\"props\":{\"margin\":\"medium\",\"column_breakpoint\":\"m\",\"content\":\"\n\n<p>+421 905 181 383<\\\/p>\\n\n\n<p>skodysro@gmail.com<\\\/p>\\n\n\n<p>Alebo n\\u00e1m nap\\u00ed\\u0161te do \\u201e\\u010detu\\u201c<\\\/p>\",\"text_size\":\"large\",\"text_align\":\"center\"}}]}]}]}],\"version\":\"2.4.20\"} --><\/p>\n","protected":false},"excerpt":{"rendered":"<p>Konzult\u00e1cia +421 905 181 383 skodysro@gmail.com Alebo n\u00e1m nap\u00ed\u0161te do \u201e\u010detu\u201c<\/p>\n","protected":false},"author":1,"featured_media":0,"parent":0,"menu_order":0,"comment_status":"closed","ping_status":"closed","template":"","meta":{"footnotes":""},"class_list":["post-264","page","type-page","status-publish","hentry"],"_links":{"self":[{"href":"https:\/\/www.skody-nabytok.sk\/index.php\/wp-json\/wp\/v2\/pages\/264","targetHints":{"allow":["GET"]}}],"collection":[{"href":"https:\/\/www.skody-nabytok.sk\/index.php\/wp-json\/wp\/v2\/pages"}],"about":[{"href":"https:\/\/www.skody-nabytok.sk\/index.php\/wp-json\/wp\/v2\/types\/page"}],"author":[{"embeddable":true,"href":"https:\/\/www.skody-nabytok.sk\/index.php\/wp-json\/wp\/v2\/users\/1"}],"replies":[{"embeddable":true,"href":"https:\/\/www.skody-nabytok.sk\/index.php\/wp-json\/wp\/v2\/comments?post=264"}],"version-history":[{"count":5,"href":"https:\/\/www.skody-nabytok.sk\/index.php\/wp-json\/wp\/v2\/pages\/264\/revisions"}],"predecessor-version":[{"id":478,"href":"https:\/\/www.skody-nabytok.sk\/index.php\/wp-json\/wp\/v2\/pages\/264\/revisions\/478"}],"wp:attachment":[{"href":"https:\/\/www.skody-nabytok.sk\/index.php\/wp-json\/wp\/v2\/media?parent=264"}],"curies":[{"name":"wp","href":"https:\/\/api.w.org\/{rel}","templated":true}]}}